{"id":3104,"date":"2020-11-19T15:41:19","date_gmt":"2020-11-19T12:41:19","guid":{"rendered":"https:\/\/www.ramadabanyo.com\/?post_type=product&p=3104"},"modified":"2020-11-19T15:41:19","modified_gmt":"2020-11-19T12:41:19","slug":"uzatma-baglantisi","status":"publish","type":"product","link":"https:\/\/ramadabanyo.com\/en\/urunler\/uzatma-baglantisi\/","title":{"rendered":"Uzatma Ba\u011flant\u0131s\u0131"},"content":{"rendered":"<p>CODE \u00dcr\u00fcn \/ Product<br \/>UT-01 1 cm Uzatma (TSE) \/ Fittings<br \/>UT-02 1,5 cm Uzatma (TSE) \/ Fittings<br \/>UT-03 2 cm Uzatma (TSE) \/ Fittings<br \/>UT-04 2,5 cm Uzatma (TSE) \/ Fittings<br \/>UT-05 3 cm Uzatma (TSE) \/ Fittings<br \/>UT-06 4 cm Uzatma (TSE) \/ Fittings<br \/>UT-07 5 cm Uzatma (TSE) \/ Fittings<\/p>","protected":false},"excerpt":{"rendered":"<p>CODE \u00dcr\u00fcn \/ ProductUT-01 1 cm Uzatma (TSE) \/ FittingsUT-02 1,5 cm Uzatma (TSE) \/ FittingsUT-03 2 cm Uzatma (TSE) \/ FittingsUT-04 2,5 cm Uzatma (TSE) \/ FittingsUT-05 3 cm Uzatma (TSE) \/ FittingsUT-06 4 cm Uzatma (TSE) \/ FittingsUT-07 5 cm Uzatma (TSE) \/ Fittings<\/p>","protected":false},"featured_media":3108,"template":"","meta":{"neve_meta_sidebar":"","neve_meta_container":"","neve_meta_enable_content_width":"","neve_meta_content_width":0,"neve_meta_title_alignment":"","neve_meta_author_avatar":"","neve_post_elements_order":"","neve_meta_disable_header":"","neve_meta_disable_footer":"","neve_meta_disable_title":"","_themeisle_gutenberg_block_has_review":false},"product_brand":[],"product_cat":[135],"product_tag":[],"class_list":{"0":"post-3104","1":"product","2":"type-product","3":"status-publish","4":"has-post-thumbnail","6":"product_cat-yedek-parcalar","8":"first","9":"instock","10":"shipping-taxable","11":"product-type-simple"},"_links":{"self":[{"href":"https:\/\/ramadabanyo.com\/en\/wp-json\/wp\/v2\/product\/3104","targetHints":{"allow":["GET"]}}],"collection":[{"href":"https:\/\/ramadabanyo.com\/en\/wp-json\/wp\/v2\/product"}],"about":[{"href":"https:\/\/ramadabanyo.com\/en\/wp-json\/wp\/v2\/types\/product"}],"wp:featuredmedia":[{"embeddable":true,"href":"https:\/\/ramadabanyo.com\/en\/wp-json\/wp\/v2\/media\/3108"}],"wp:attachment":[{"href":"https:\/\/ramadabanyo.com\/en\/wp-json\/wp\/v2\/media?parent=3104"}],"wp:term":[{"taxonomy":"product_brand","embeddable":true,"href":"https:\/\/ramadabanyo.com\/en\/wp-json\/wp\/v2\/product_brand?post=3104"},{"taxonomy":"product_cat","embeddable":true,"href":"https:\/\/ramadabanyo.com\/en\/wp-json\/wp\/v2\/product_cat?post=3104"},{"taxonomy":"product_tag","embeddable":true,"href":"https:\/\/ramadabanyo.com\/en\/wp-json\/wp\/v2\/product_tag?post=3104"}],"curies":[{"name":"wp","href":"https:\/\/api.w.org\/{rel}","templated":true}]}}