{"id":2401,"date":"2020-11-14T22:20:26","date_gmt":"2020-11-14T19:20:26","guid":{"rendered":"https:\/\/www.ramadabanyo.com\/?post_type=product&p=2401"},"modified":"2020-11-14T22:20:26","modified_gmt":"2020-11-14T19:20:26","slug":"rezervuar-i%cc%87c-takim","status":"publish","type":"product","link":"https:\/\/ramadabanyo.com\/en\/urunler\/rezervuar-i%cc%87c-takim\/","title":{"rendered":"Rezervuar \u0130\u00e7 Tak\u0131m"},"content":{"rendered":"","protected":false},"excerpt":{"rendered":"","protected":false},"featured_media":2402,"template":"","meta":{"neve_meta_sidebar":"","neve_meta_container":"","neve_meta_enable_content_width":"","neve_meta_content_width":0,"neve_meta_title_alignment":"","neve_meta_author_avatar":"","neve_post_elements_order":"","neve_meta_disable_header":"","neve_meta_disable_footer":"","neve_meta_disable_title":"","_themeisle_gutenberg_block_has_review":false},"product_brand":[],"product_cat":[128,84],"product_tag":[],"class_list":{"0":"post-2401","1":"product","2":"type-product","3":"status-publish","4":"has-post-thumbnail","6":"product_cat-flatorler","7":"product_cat-rezervuar","9":"first","10":"instock","11":"shipping-taxable","12":"product-type-simple"},"_links":{"self":[{"href":"https:\/\/ramadabanyo.com\/en\/wp-json\/wp\/v2\/product\/2401","targetHints":{"allow":["GET"]}}],"collection":[{"href":"https:\/\/ramadabanyo.com\/en\/wp-json\/wp\/v2\/product"}],"about":[{"href":"https:\/\/ramadabanyo.com\/en\/wp-json\/wp\/v2\/types\/product"}],"wp:featuredmedia":[{"embeddable":true,"href":"https:\/\/ramadabanyo.com\/en\/wp-json\/wp\/v2\/media\/2402"}],"wp:attachment":[{"href":"https:\/\/ramadabanyo.com\/en\/wp-json\/wp\/v2\/media?parent=2401"}],"wp:term":[{"taxonomy":"product_brand","embeddable":true,"href":"https:\/\/ramadabanyo.com\/en\/wp-json\/wp\/v2\/product_brand?post=2401"},{"taxonomy":"product_cat","embeddable":true,"href":"https:\/\/ramadabanyo.com\/en\/wp-json\/wp\/v2\/product_cat?post=2401"},{"taxonomy":"product_tag","embeddable":true,"href":"https:\/\/ramadabanyo.com\/en\/wp-json\/wp\/v2\/product_tag?post=2401"}],"curies":[{"name":"wp","href":"https:\/\/api.w.org\/{rel}","templated":true}]}}