{"id":2398,"date":"2020-11-14T22:15:31","date_gmt":"2020-11-14T19:15:31","guid":{"rendered":"https:\/\/www.ramadabanyo.com\/?post_type=product&p=2398"},"modified":"2020-11-14T22:15:31","modified_gmt":"2020-11-14T19:15:31","slug":"akdeni%cc%87z-duroplast","status":"publish","type":"product","link":"https:\/\/ramadabanyo.com\/en\/urunler\/akdeni%cc%87z-duroplast\/","title":{"rendered":"AKDEN\u0130Z DUROPLAST"},"content":{"rendered":"<p>DUROPLAST KLOZET KAPA\u011eI (PLAST\u0130K ALTTAN SIKMALI MENTE\u015eE)<\/p>","protected":false},"excerpt":{"rendered":"<p>DUROPLAST KLOZET KAPA\u011eI (PLAST\u0130K ALTTAN SIKMALI MENTE\u015eE)<\/p>","protected":false},"featured_media":3170,"template":"","meta":{"neve_meta_sidebar":"","neve_meta_container":"","neve_meta_enable_content_width":"","neve_meta_content_width":0,"neve_meta_title_alignment":"","neve_meta_author_avatar":"","neve_post_elements_order":"","neve_meta_disable_header":"","neve_meta_disable_footer":"","neve_meta_disable_title":"","_themeisle_gutenberg_block_has_review":false},"product_brand":[],"product_cat":[85],"product_tag":[31,35,34],"class_list":{"0":"post-2398","1":"product","2":"type-product","3":"status-publish","4":"has-post-thumbnail","6":"product_cat-kapaklar","7":"product_tag-banyo","8":"product_tag-klozet","9":"product_tag-klozet-kapagi","11":"first","12":"instock","13":"shipping-taxable","14":"product-type-simple"},"_links":{"self":[{"href":"https:\/\/ramadabanyo.com\/en\/wp-json\/wp\/v2\/product\/2398","targetHints":{"allow":["GET"]}}],"collection":[{"href":"https:\/\/ramadabanyo.com\/en\/wp-json\/wp\/v2\/product"}],"about":[{"href":"https:\/\/ramadabanyo.com\/en\/wp-json\/wp\/v2\/types\/product"}],"wp:featuredmedia":[{"embeddable":true,"href":"https:\/\/ramadabanyo.com\/en\/wp-json\/wp\/v2\/media\/3170"}],"wp:attachment":[{"href":"https:\/\/ramadabanyo.com\/en\/wp-json\/wp\/v2\/media?parent=2398"}],"wp:term":[{"taxonomy":"product_brand","embeddable":true,"href":"https:\/\/ramadabanyo.com\/en\/wp-json\/wp\/v2\/product_brand?post=2398"},{"taxonomy":"product_cat","embeddable":true,"href":"https:\/\/ramadabanyo.com\/en\/wp-json\/wp\/v2\/product_cat?post=2398"},{"taxonomy":"product_tag","embeddable":true,"href":"https:\/\/ramadabanyo.com\/en\/wp-json\/wp\/v2\/product_tag?post=2398"}],"curies":[{"name":"wp","href":"https:\/\/api.w.org\/{rel}","templated":true}]}}