{"id":1808,"date":"2019-12-16T10:59:01","date_gmt":"2019-12-16T07:59:01","guid":{"rendered":"https:\/\/www.ramadabanyo.com\/?post_type=product&p=1808"},"modified":"2019-12-16T10:59:01","modified_gmt":"2019-12-16T07:59:01","slug":"multi%cc%87jet-su-sayaci-8","status":"publish","type":"product","link":"https:\/\/ramadabanyo.com\/en\/urunler\/multi%cc%87jet-su-sayaci-8\/","title":{"rendered":"MULT\u0130JET SU SAYACI"},"content":{"rendered":"<p>KURU VE SO\u011eUK S\u0130STEM MULT\u0130JET<\/p>","protected":false},"excerpt":{"rendered":"<p>KURU VE SO\u011eUK S\u0130STEM MULT\u0130JET<\/p>","protected":false},"featured_media":3052,"template":"","meta":{"neve_meta_sidebar":"","neve_meta_container":"","neve_meta_enable_content_width":"","neve_meta_content_width":0,"neve_meta_title_alignment":"","neve_meta_author_avatar":"","neve_post_elements_order":"","neve_meta_disable_header":"","neve_meta_disable_footer":"","neve_meta_disable_title":"","_themeisle_gutenberg_block_has_review":false},"product_brand":[],"product_cat":[88],"product_tag":[31,30,33],"class_list":{"0":"post-1808","1":"product","2":"type-product","3":"status-publish","4":"has-post-thumbnail","6":"product_cat-su-sayaci","7":"product_tag-banyo","8":"product_tag-mutfak","9":"product_tag-su-sayaclari","11":"first","12":"instock","13":"shipping-taxable","14":"product-type-simple"},"_links":{"self":[{"href":"https:\/\/ramadabanyo.com\/en\/wp-json\/wp\/v2\/product\/1808","targetHints":{"allow":["GET"]}}],"collection":[{"href":"https:\/\/ramadabanyo.com\/en\/wp-json\/wp\/v2\/product"}],"about":[{"href":"https:\/\/ramadabanyo.com\/en\/wp-json\/wp\/v2\/types\/product"}],"wp:featuredmedia":[{"embeddable":true,"href":"https:\/\/ramadabanyo.com\/en\/wp-json\/wp\/v2\/media\/3052"}],"wp:attachment":[{"href":"https:\/\/ramadabanyo.com\/en\/wp-json\/wp\/v2\/media?parent=1808"}],"wp:term":[{"taxonomy":"product_brand","embeddable":true,"href":"https:\/\/ramadabanyo.com\/en\/wp-json\/wp\/v2\/product_brand?post=1808"},{"taxonomy":"product_cat","embeddable":true,"href":"https:\/\/ramadabanyo.com\/en\/wp-json\/wp\/v2\/product_cat?post=1808"},{"taxonomy":"product_tag","embeddable":true,"href":"https:\/\/ramadabanyo.com\/en\/wp-json\/wp\/v2\/product_tag?post=1808"}],"curies":[{"name":"wp","href":"https:\/\/api.w.org\/{rel}","templated":true}]}}